{"id":129,"date":"2015-04-27T12:06:05","date_gmt":"2015-04-27T10:06:05","guid":{"rendered":"http:\/\/janreichenbach.de\/blog\/?page_id=129"},"modified":"2026-02-21T17:09:08","modified_gmt":"2026-02-21T16:09:08","slug":"ueber-mich","status":"publish","type":"page","link":"https:\/\/janreichenbach.de\/blog\/ueber-mich\/","title":{"rendered":"\u00dcber mich &#8211; Jan Reichenbach"},"content":{"rendered":"\n<h1 class=\"wp-block-heading\">Jan Reichenbach: Wer bin ich?<\/h1>\n\n\n\n<p>Mein Name ist <a href=\"https:\/\/janreichenbach.photography\/\" target=\"_blank\" rel=\"noreferrer noopener nofollow\">Jan Reichenbach<\/a>. Ich bin 50 Jahre alt, geschieden und habe eine Tochter. Arbeiten und leben tue ich in M\u00fcnchen. Beruflich war ich bis September 2019 IT-Projektleiter bei einem Gesundheitsdienstleister in M\u00fcnchen. Parallel betrieb ich bis September ein Nebengewerbe, um meine erstellten B\u00fccher und Kurse zu vermarkten und zu verkaufen. Von Oktober 2019 bis September 2020 war ich in Vollzeit selbstst\u00e4ndig und konzentrierte mich auf die Erstellung und Vermarktung von meinen Kursen und B\u00fcchern. Privat verbringe ich m\u00f6glichst viel Zeit mit meiner Familie. Seit Oktober 2020 bin ich wieder Angestellter und nicht mehr selbstst\u00e4ndig.<\/p>\n\n\n\n<div data-aidaform-widget=\"form-2019-12\" data-url=\"https:\/\/netforce.aidaform.com\/kontaktformular\" data-width=\"100%\" data-height=\"500px\" data-do-resize=\"\"><\/div><script>(function(){var r,d=document,gt=d.getElementById,cr=d.createElement,tg=d.getElementsByTagName,id=\"aidaform-embed\";if(!gt.call(d,id)){r=cr.call(d,\"script\");r.id=id;r.src=\"https:\/\/embed.aidaform.com\/embed.js\";(d.head || tg.call(d,\"head\")[0]).appendChild(r);}})()<\/script>\n\n\n\n<h2 class=\"wp-block-heading\">Jan Reichenbach will folgende Menschen mit seiner Website erreichen<\/h2>\n\n\n\n<ul class=\"wp-block-list\">\n<li>Menschen, die neugierig sind &#8230;<\/li>\n\n\n\n<li>Menschen, die vorw\u00e4rts kommen wollen &#8230;<\/li>\n\n\n\n<li>Menschen, die an sich arbeiten und sich weiterentwickeln wollen &#8230;<\/li>\n\n\n\n<li>Menschen, die Spa\u00df haben m\u00f6chten &#8230;<\/li>\n\n\n\n<li>Menschen, mit vielseitigen Interessen &#8230;<\/li>\n<\/ul>\n\n\n\n<h2 class=\"wp-block-heading\">Jan Reichenbach und der FCN<\/h2>\n\n\n\n<p>Meine Liebe gilt auch dem <a rel=\"noreferrer noopener nofollow\" aria-label=\"1. FC N\u00fcrnberg (\u00f6ffnet in neuem Tab)\" href=\"https:\/\/fcn.de\/\" target=\"_blank\">1. FC N\u00fcrnberg<\/a>. Klar, nat\u00fcrlich gehe ich mittlerweile sehr unregelm\u00e4\u00dfig zum Club, da ich in M\u00fcnchen lebe und arbeite. Aber hin und wieder gehe ich zusammen mit meinem Bruder und Freunden zum Club und meistens macht es eine Menge Spa\u00df, zumindest wenn der Club gewinnt.<\/p>\n\n\n\n<figure class=\"wp-block-image\"><img fetchpriority=\"high\" decoding=\"async\" width=\"1024\" height=\"768\" src=\"https:\/\/janreichenbach.de\/blog\/wp-content\/uploads\/2019\/01\/Rumpuntsch0002-1024x768.jpg\" alt=\"Blogger Jan Reichenbach\" class=\"wp-image-839\" srcset=\"https:\/\/janreichenbach.de\/blog\/wp-content\/uploads\/2019\/01\/Rumpuntsch0002-1024x768.jpg 1024w, https:\/\/janreichenbach.de\/blog\/wp-content\/uploads\/2019\/01\/Rumpuntsch0002-300x225.jpg 300w, https:\/\/janreichenbach.de\/blog\/wp-content\/uploads\/2019\/01\/Rumpuntsch0002-768x576.jpg 768w\" sizes=\"(max-width: 1024px) 100vw, 1024px\" \/><figcaption class=\"wp-element-caption\">Blogger Jan Reichenbach<\/figcaption><\/figure>\n\n\n\n<h2 class=\"wp-block-heading\">Jan Reichenbach und die Hochschulen<\/h2>\n\n\n\n<p>In Vollzeit habe ich Wirtschaftsinformatik an der <a href=\"https:\/\/hs-kl.de\/\" target=\"_blank\" rel=\"noreferrer noopener nofollow\" aria-label=\"Fachhochschule Kaiserslautern (\u00f6ffnet in neuem Tab)\">Fachhochschule Kaiserslautern<\/a> studiert. Nebenberuflich habe ich 2013 einen Master of Business Administration (MBA) an der <a rel=\"noopener noreferrer nofollow\" href=\"http:\/\/mba-ingolstadt.de\" target=\"_blank\">Universit\u00e4t Eichst\u00e4tt-Ingolstadt<\/a> erworben.<\/p>\n\n\n\n<h2 class=\"wp-block-heading\">Jan Reichenbach Profile in sozialen Netzwerken:<\/h2>\n\n\n\n<ul class=\"wp-block-list\">\n<li><a rel=\"noopener noreferrer nofollow\" href=\"https:\/\/www.xing.com\/profile\/Jan_Reichenbach\" target=\"_blank\">Xing<\/a><\/li>\n\n\n\n<li><a rel=\"noreferrer noopener nofollow\" aria-label=\"LinkedIn (\u00f6ffnet in neuem Tab)\" href=\"https:\/\/de.linkedin.com\/in\/janreichenbach\" target=\"_blank\">LinkedIn<\/a><\/li>\n\n\n\n<li><a rel=\"noopener noreferrer nofollow\" href=\"https:\/\/twitter.com\/jan_reichenbach\" target=\"_blank\">Twitter<\/a><\/li>\n\n\n\n<li><a rel=\"noopener noreferrer nofollow\" href=\"https:\/\/www.facebook.com\/janreichenbach2015\" target=\"_blank\">Facebook<\/a><\/li>\n\n\n\n<li><a href=\"https:\/\/www.instagram.com\/lebenslange_motivation.de\" target=\"_blank\" aria-label=\"Instagram (opens in a new tab)\" rel=\"noreferrer noopener nofollow\" class=\"rank-math-link\">Instagram<\/a><\/li>\n<\/ul>\n\n\n\n<h2 class=\"wp-block-heading\">Anderes Blog von Jan Reichbach ist<br>(nicht mehr gepflegt!):<\/h2>\n\n\n\n<p><a href=\"https:\/\/lebenslange-motivation.de\/\" target=\"_blank\" rel=\"noreferrer noopener nofollow\" aria-label=\"Lebenslange-Motivation.de  (\u00f6ffnet in neuem Tab)\">Lebenslange-Motivation.de <\/a><\/p>\n\n\n\n<h2 class=\"wp-block-heading\">Jan Reichenbach Vision<\/h2>\n\n\n\n<p>Mein Blog soll motivieren und dazu f\u00fchren, dass man humorvoll durchs Leben geht. Trotzdem bringe ich aber auch politische und kritische Artikel zu Werke.<br><strong>Viel Spa\u00df damit!<\/strong><\/p>\n\n\n\n<h2 class=\"wp-block-heading\">Was erwartest du von mir?<\/h2>\n\n\n\n<p>Auf dein Feedback freue ich mich!<\/p>\n","protected":false},"excerpt":{"rendered":"<p>Jan Reichenbach: Wer bin ich? Mein Name ist Jan Reichenbach. Ich bin 50 Jahre alt, geschieden und habe eine Tochter. Arbeiten und leben tue ich in M\u00fcnchen. Beruflich war ich bis September 2019 IT-Projektleiter bei einem Gesundheitsdienstleister in M\u00fcnchen. Parallel betrieb ich bis September ein Nebengewerbe, um meine erstellten B\u00fccher und Kurse zu vermarkten und &#8230; <\/p>\n<p class=\"read-more-container\"><a title=\"\u00dcber mich &#8211; Jan Reichenbach\" class=\"read-more button\" href=\"https:\/\/janreichenbach.de\/blog\/ueber-mich\/#more-129\" aria-label=\"Mehr Informationen \u00fcber \u00dcber mich &#8211; Jan Reichenbach\">Weiterlesen &#8230;<\/a><\/p>\n","protected":false},"author":2,"featured_media":1586,"parent":0,"menu_order":0,"comment_status":"open","ping_status":"open","template":"","meta":{"footnotes":""},"class_list":{"0":"post-129","1":"page","2":"type-page","3":"status-publish","4":"has-post-thumbnail","6":"infinite-scroll-item"},"_links":{"self":[{"href":"https:\/\/janreichenbach.de\/blog\/wp-json\/wp\/v2\/pages\/129","targetHints":{"allow":["GET"]}}],"collection":[{"href":"https:\/\/janreichenbach.de\/blog\/wp-json\/wp\/v2\/pages"}],"about":[{"href":"https:\/\/janreichenbach.de\/blog\/wp-json\/wp\/v2\/types\/page"}],"author":[{"embeddable":true,"href":"https:\/\/janreichenbach.de\/blog\/wp-json\/wp\/v2\/users\/2"}],"replies":[{"embeddable":true,"href":"https:\/\/janreichenbach.de\/blog\/wp-json\/wp\/v2\/comments?post=129"}],"version-history":[{"count":69,"href":"https:\/\/janreichenbach.de\/blog\/wp-json\/wp\/v2\/pages\/129\/revisions"}],"predecessor-version":[{"id":7141,"href":"https:\/\/janreichenbach.de\/blog\/wp-json\/wp\/v2\/pages\/129\/revisions\/7141"}],"wp:featuredmedia":[{"embeddable":true,"href":"https:\/\/janreichenbach.de\/blog\/wp-json\/wp\/v2\/media\/1586"}],"wp:attachment":[{"href":"https:\/\/janreichenbach.de\/blog\/wp-json\/wp\/v2\/media?parent=129"}],"curies":[{"name":"wp","href":"https:\/\/api.w.org\/{rel}","templated":true}]}}