{"id":59,"date":"2015-04-07T14:34:22","date_gmt":"2015-04-07T12:34:22","guid":{"rendered":"http:\/\/janreichenbach.de\/blog\/?page_id=59"},"modified":"2025-09-18T08:26:59","modified_gmt":"2025-09-18T06:26:59","slug":"links","status":"publish","type":"page","link":"https:\/\/janreichenbach.de\/blog\/links\/","title":{"rendered":"Links"},"content":{"rendered":"\t\t<div data-elementor-type=\"wp-page\" data-elementor-id=\"59\" class=\"elementor elementor-59\" data-elementor-post-type=\"page\">\n\t\t\t\t\t\t<section class=\"elementor-section elementor-top-section elementor-element elementor-element-4c418636 elementor-section-boxed elementor-section-height-default elementor-section-height-default\" data-id=\"4c418636\" data-element_type=\"section\" data-e-type=\"section\">\n\t\t\t\t\t\t<div class=\"elementor-container elementor-column-gap-default\">\n\t\t\t\t\t<div class=\"elementor-column elementor-col-100 elementor-top-column elementor-element elementor-element-52ccab90\" data-id=\"52ccab90\" data-element_type=\"column\" data-e-type=\"column\">\n\t\t\t<div class=\"elementor-widget-wrap elementor-element-populated\">\n\t\t\t\t\t\t<div class=\"elementor-element elementor-element-3526d516 elementor-widget elementor-widget-text-editor\" data-id=\"3526d516\" data-element_type=\"widget\" data-e-type=\"widget\" data-widget_type=\"text-editor.default\">\n\t\t\t\t<div class=\"elementor-widget-container\">\n\t\t\t\t\t\t\t\t\t<p>Da ich die Weisheit nicht mit L\u00f6ffeln gegessen habe, hier ein paar interessante Links. <strong>Viel Spa\u00df damit!<\/strong><\/p>\n<p><!-- \/wp:paragraph --><\/p>\n<p><!-- wp:heading {\"level\":1} --><\/p>\n<h1 class=\"wp-block-heading\">Links bzw. Internetauftritte<\/h1>\n<p><!-- \/wp:heading --><\/p>\n<p><!-- wp:list --><\/p>\n<ul class=\"wp-block-list\">\n<li style=\"list-style-type: none;\">\n<ul class=\"wp-block-list\"><!-- wp:list-item --><\/ul>\n<\/li>\n<\/ul>\n<ul class=\"wp-block-list\">\n<li style=\"list-style-type: none;\">\n<ul class=\"wp-block-list\">\n<li><a title=\"Aktionsb\u00fcndnis Artgerechtes M\u00fcnchen\" href=\"https:\/\/www.artgerechtes-muenchen.de\/\" target=\"_blank\" rel=\"noopener noreferrer nofollow\">Artgerechtes-Muenchen.de<\/a> &#8211; Aktionsb\u00fcndnis Artgerechtes M\u00fcnchen<\/li>\n<\/ul>\n<\/li>\n<\/ul>\n<p><!-- \/wp:list-item --><\/p>\n<p><!-- wp:list-item --><\/p>\n<ul class=\"wp-block-list\">\n<li style=\"list-style-type: none;\">\n<ul class=\"wp-block-list\">\n<li><a title=\"Frankys-Wasserbahnhof.de\" href=\"https:\/\/www.frankys.tv\/\" target=\"_blank\" rel=\"noopener noreferrer nofollow\">Frankys.tv<\/a> &#8211; Erlebnis Gastronomie in M\u00fchlheim a.d. Ruhr mit meinem Cousin Richard Reichenbach<\/li>\n<\/ul>\n<\/li>\n<\/ul>\n<p><!-- \/wp:list-item --><\/p>\n<p><!-- wp:list-item --><\/p>\n<ul class=\"wp-block-list\">\n<li style=\"list-style-type: none;\">\n<ul class=\"wp-block-list\">\n<li><a href=\"https:\/\/fridaysforfuture.de\/\" target=\"_blank\" rel=\"noreferrer noopener nofollow\" aria-label=\"FridaysForFuture.de (\u00f6ffnet in neuem Tab)\">FridaysForFuture.de<\/a> &#8211; Offizielle deutsche Website\n<br><br><\/li>\n<li><a style=\"background-color: #ffffff;\" title=\"Gospel-Express.de\" href=\"https:\/\/Gospel-Express.de\" target=\"_blank\" rel=\"noopener noreferrer nofollow\">Gospel-Express.de<\/a> &#8211; Gospel-Chor von und mit meinem Cousin Gunther Reichenbach\n<br><br><\/li>\n<li><a title=\"JanReichenbach.photography\" href=\"https:\/\/janreichenbach.photography\" target=\"_blank\" rel=\"noopener nofollow\">JanReichenbach.photography<\/a>&nbsp;&#8211; Tierfotografie aus Leidenschaft\n<br><br><\/li>\n<li><a style=\"background-color: #ffffff;\" title=\"https:\/\/klexikon.zum.de\/wiki\/Klexikon:Willkommen_im_Klexikon\" href=\"https:\/\/klexikon.zum.de\/wiki\/Klexikon:Willkommen_im_Klexikon\" target=\"_blank\" rel=\"noopener nofollow\">Klexikon<\/a> &#8211; Kinder Lexikon<\/li>\n<\/ul>\n<\/li>\n<\/ul>\n<p><!-- \/wp:list-item --><\/p>\n<p><!-- wp:list-item --><\/p>\n<ul class=\"wp-block-list\">\n<li style=\"list-style-type: none;\">\n<ul class=\"wp-block-list\">\n<li><a href=\"https:\/\/lebenslange-motivation.de\/\" target=\"_blank\" rel=\"noreferrer noopener nofollow\" aria-label=\"Lebenslange-Motivation.de (\u00f6ffnet in neuem Tab)\">Lebenslange-Motivation.de<\/a> &#8211; Inspirationen f\u00fcr Menschen, die mehr aus ihrem Leben machen wollen<br><br><\/li>\n<li><a title=\"https:\/\/www.zdf.de\/kinder\/logo\" href=\"https:\/\/www.zdf.de\/kinder\/logo\" target=\"_blank\" rel=\"noopener nofollow\">Logo<\/a> &#8211; Kinderkanal von ARD und ZDF<\/li>\n<\/ul>\n<\/li>\n<\/ul>\n<p><!-- \/wp:list-item --><\/p>\n<p><!-- wp:list-item --><\/p>\n<ul class=\"wp-block-list\">\n<li style=\"list-style-type: none;\">\n<ul class=\"wp-block-list\">\n<li><a title=\"Soccergame.de\" href=\"https:\/\/www.soccergamepro.de\/\" target=\"_blank\" rel=\"noopener noreferrer nofollow\">Soccergamepro.de<\/a> &#8211; Online Fu\u00dfball Manager mit Torkonten<\/li>\n<\/ul>\n<\/li>\n<\/ul>\n<p><!-- \/wp:list-item --><\/p>\n<p><!-- wp:list-item --><\/p>\n<ul class=\"wp-block-list\">\n<li style=\"list-style-type: none;\">\n<ul class=\"wp-block-list\">\n<li><a href=\"https:\/\/vaterundsohnpodcast.de\/\" target=\"_blank\" rel=\"noopener nofollow\">VaterUndSohnPodcast.de<\/a> &#8211; Audio und Videopodcast zusammen mit meinem Vater Otmar Reichenbach zu den Themen Gesellschaft, Politik und Gesundheit<\/li>\n<\/ul>\n<\/li>\n<\/ul>\n<p><!-- \/wp:list-item --><\/p>\n<p><!-- \/wp:list --><\/p>\n<p><!-- wp:heading --><\/p>\n<h2 class=\"wp-block-heading\">Links sind eine Sache. Bitte abonniere meinen YouTube-Kanal!<\/h2>\n<p><!-- \/wp:heading --><\/p>\n<p><!-- wp:paragraph --><\/p>\n<p><a class=\"rank-math-link\" href=\"https:\/\/www.youtube.com\/channel\/UCSf84-x77bRxLRVYkjDDeUQ?sub_confirmation=1\" target=\"_blank\" rel=\"noreferrer noopener nofollow\" aria-label=\"https:\/\/www.youtube.com\/channel\/UCSf84-x77bRxLRVYkjDDeUQ?sub_confirmation=1 (opens in a new tab)\">https:\/\/www.youtube.com\/channel\/UCSf84-x77bRxLRVYkjDDeUQ?sub_confirmation=1<\/a><\/p>\n<p><!-- \/wp:paragraph --><\/p>\n<p><!-- wp:html --><\/p>\n<div class=\"ml-form-embed\" data-account=\"1578956:n1l2v5e2i9\" data-form=\"1444966:f6i2m4\">&nbsp;<\/div>\n<p><!-- \/wp:html --><\/p>\n<p><!-- wp:heading --><\/p>\n<h2 class=\"wp-block-heading\">Weitere Links<\/h2>\n<p><!-- \/wp:heading --><\/p>\n<p><!-- wp:heading {\"level\":3} --><\/p>\n<h3 class=\"wp-block-heading\">Webhoster<\/h3>\n<p><!-- \/wp:heading --><\/p>\n<p><!-- wp:html --><br><a href=\"https:\/\/alfahosting.de\/webhosting\/?wmid=reichenbach\" target=\"_blank\" rel=\"noopener noreferrer nofollow\"><br><img fetchpriority=\"high\" decoding=\"async\" src=\"https:\/\/bannerfarm.alphahosting.de\/wordpress\/banner-wordpress_250x250_Square.png\" alt=\"Alfahosting - WordPress-Hosting\" width=\"250\" height=\"250\"><br><\/a><br><!-- \/wp:html --><\/p>\n<p><!-- wp:heading {\"level\":3} --><\/p>\n<h3 class=\"wp-block-heading\">Kontaktformular<\/h3>\n<p><!-- \/wp:heading --><\/p>\n<p><!-- wp:html --><\/p>\n<div data-aidaform-widget=\"form-2019-12\" data-url=\"https:\/\/netforce.aidaform.com\/kontaktformular\" data-width=\"100%\" data-height=\"500px\" data-do-resize=\"\">&nbsp;<\/div>\n<p><script>(function(){var r,d=document,gt=d.getElementById,cr=d.createElement,tg=d.getElementsByTagName,id=\"aidaform-embed\";if(!gt.call(d,id)){r=cr.call(d,\"script\");r.id=id;r.src=\"https:\/\/embed.aidaform.com\/embed.js\";(d.head || tg.call(d,\"head\")[0]).appendChild(r);}})()<\/script><br><!-- \/wp:html --><\/p>\t\t\t\t\t\t\t\t<\/div>\n\t\t\t\t<\/div>\n\t\t\t\t\t<\/div>\n\t\t<\/div>\n\t\t\t\t\t<\/div>\n\t\t<\/section>\n\t\t\t\t<\/div>\n\t\t","protected":false},"excerpt":{"rendered":"<p>Da ich die Weisheit nicht mit L\u00f6ffeln gegessen habe, hier ein paar interessante Links. Viel Spa\u00df damit! Links bzw. Internetauftritte Artgerechtes-Muenchen.de &#8211; Aktionsb\u00fcndnis Artgerechtes M\u00fcnchen Frankys.tv &#8211; Erlebnis Gastronomie in M\u00fchlheim a.d. Ruhr mit meinem Cousin Richard Reichenbach FridaysForFuture.de &#8211; Offizielle deutsche Website Gospel-Express.de &#8211; Gospel-Chor von und mit meinem Cousin Gunther Reichenbach JanReichenbach.photography&nbsp;&#8211; Tierfotografie &#8230; <\/p>\n<p class=\"read-more-container\"><a title=\"Links\" class=\"read-more button\" href=\"https:\/\/janreichenbach.de\/blog\/links\/#more-59\" aria-label=\"Mehr Informationen \u00fcber Links\">Weiterlesen &#8230;<\/a><\/p>\n","protected":false},"author":1,"featured_media":788,"parent":0,"menu_order":0,"comment_status":"closed","ping_status":"open","template":"","meta":{"footnotes":""},"class_list":{"0":"post-59","1":"page","2":"type-page","3":"status-publish","4":"has-post-thumbnail","6":"infinite-scroll-item"},"_links":{"self":[{"href":"https:\/\/janreichenbach.de\/blog\/wp-json\/wp\/v2\/pages\/59","targetHints":{"allow":["GET"]}}],"collection":[{"href":"https:\/\/janreichenbach.de\/blog\/wp-json\/wp\/v2\/pages"}],"about":[{"href":"https:\/\/janreichenbach.de\/blog\/wp-json\/wp\/v2\/types\/page"}],"author":[{"embeddable":true,"href":"https:\/\/janreichenbach.de\/blog\/wp-json\/wp\/v2\/users\/1"}],"replies":[{"embeddable":true,"href":"https:\/\/janreichenbach.de\/blog\/wp-json\/wp\/v2\/comments?post=59"}],"version-history":[{"count":44,"href":"https:\/\/janreichenbach.de\/blog\/wp-json\/wp\/v2\/pages\/59\/revisions"}],"predecessor-version":[{"id":7138,"href":"https:\/\/janreichenbach.de\/blog\/wp-json\/wp\/v2\/pages\/59\/revisions\/7138"}],"wp:featuredmedia":[{"embeddable":true,"href":"https:\/\/janreichenbach.de\/blog\/wp-json\/wp\/v2\/media\/788"}],"wp:attachment":[{"href":"https:\/\/janreichenbach.de\/blog\/wp-json\/wp\/v2\/media?parent=59"}],"curies":[{"name":"wp","href":"https:\/\/api.w.org\/{rel}","templated":true}]}}